{"id":1453,"date":"2021-02-01T11:12:41","date_gmt":"2021-02-01T11:12:41","guid":{"rendered":"https:\/\/urclimate.com\/?page_id=1453"},"modified":"2023-12-11T11:02:25","modified_gmt":"2023-12-11T11:02:25","slug":"contact","status":"publish","type":"page","link":"https:\/\/urclimate.com\/tr\/contact\/","title":{"rendered":"Contact"},"content":{"rendered":"<div data-elementor-type=\"wp-page\" data-elementor-id=\"1453\" class=\"elementor elementor-1453\">\n\t\t\t\t\t\t\t\t\t<section class=\"elementor-section elementor-top-section elementor-element elementor-element-1d7babe9 elementor-section-boxed elementor-section-height-default elementor-section-height-default sc_fly_static\" data-id=\"1d7babe9\" data-element_type=\"section\">\n\t\t\t\t\t\t\t<div class=\"elementor-background-overlay\"><\/div>\n\t\t\t\t\t\t\t<div class=\"elementor-container elementor-column-gap-extended\">\n\t\t\t\t\t<div class=\"elementor-column elementor-col-100 elementor-top-column elementor-element elementor-element-5daf85d5 sc_inner_width_none sc_content_align_inherit sc_layouts_column_icons_position_left sc_fly_static\" data-id=\"5daf85d5\" data-element_type=\"column\">\n\t\t\t<div class=\"elementor-widget-wrap elementor-element-populated\">\n\t\t\t\t\t\t\t\t<div class=\"elementor-element elementor-element-2519c43e sc_height_large sc_fly_static elementor-widget elementor-widget-spacer\" data-id=\"2519c43e\" data-element_type=\"widget\" data-widget_type=\"spacer.default\">\n\t\t\t\t<div class=\"elementor-widget-container\">\n\t\t\t\t\t<div class=\"elementor-spacer\">\n\t\t\t<div class=\"elementor-spacer-inner\"><\/div>\n\t\t<\/div>\n\t\t\t\t<\/div>\n\t\t\t\t<\/div>\n\t\t\t\t<section class=\"elementor-section elementor-inner-section elementor-element elementor-element-64bbce5 elementor-section-boxed elementor-section-height-default elementor-section-height-default sc_fly_static\" data-id=\"64bbce5\" data-element_type=\"section\">\n\t\t\t\t\t\t<div class=\"elementor-container elementor-column-gap-no\">\n\t\t\t\t\t<div class=\"elementor-column elementor-col-50 elementor-inner-column elementor-element elementor-element-b6438f3 sc_inner_width_none sc_content_align_inherit sc_layouts_column_icons_position_left sc_fly_static\" data-id=\"b6438f3\" data-element_type=\"column\">\n\t\t\t<div class=\"elementor-widget-wrap elementor-element-populated\">\n\t\t\t\t\t\t\t\t<div class=\"elementor-element elementor-element-43e24ce sc_fly_static elementor-widget elementor-widget-trx_sc_title\" data-id=\"43e24ce\" data-element_type=\"widget\" data-widget_type=\"trx_sc_title.default\">\n\t\t\t\t<div class=\"elementor-widget-container\">\n\t\t\t<div\t\tclass=\"sc_title sc_title_default\" ><h4 class=\"sc_item_title sc_title_title sc_item_title_style_default sc_item_title_tag\"\n\t\t\t><span class=\"sc_item_title_text\">Contact Information<\/span><\/h4><\/div>\t\t<\/div>\n\t\t\t\t<\/div>\n\t\t\t\t<div class=\"elementor-element elementor-element-5e7ba13 sc_fly_static elementor-widget elementor-widget-spacer\" data-id=\"5e7ba13\" data-element_type=\"widget\" data-widget_type=\"spacer.default\">\n\t\t\t\t<div class=\"elementor-widget-container\">\n\t\t\t\t\t<div class=\"elementor-spacer\">\n\t\t\t<div class=\"elementor-spacer-inner\"><\/div>\n\t\t<\/div>\n\t\t\t\t<\/div>\n\t\t\t\t<\/div>\n\t\t\t\t<div class=\"elementor-element elementor-element-98e2010 sc_fly_static elementor-widget elementor-widget-trx_sc_icons\" data-id=\"98e2010\" data-element_type=\"widget\" data-widget_type=\"trx_sc_icons.default\">\n\t\t\t\t<div class=\"elementor-widget-container\">\n\t\t\t<div \tclass=\"sc_icons sc_icons_simple sc_icons_size_small sc_align_none\" ><div class=\"sc_icons_item with_more\"><div class=\"sc_icons_item_details\"><div class=\"sc_icons_item_description\"><span>Re\u015fit Pa\u015fa Mah. Katar Cad. ARI 4 Binas\u0131 No: 2 \/ 50 \/ 6 34485 SARIYER\/\u0130stanbul \u2013 \u0130T\u00dc TEKNOKENT <\/span><\/div><\/div><\/div><div class=\"sc_icons_item with_more\"><div class=\"sc_icons_item_details\"><div class=\"sc_icons_item_description\"><span><a href=\"mailto:info@urclimate.com\">info@urclimate.com<\/a><\/span><\/div><\/div><\/div><div class=\"sc_icons_item sc_icons_item_linked with_more\"><div class=\"sc_icons_item_details\"><a href=\"tel: 90 212 270 4057\" class=\"sc_icons_item_more_link\">\n                        <span class=\"link_text\">+90 212 270 4057<\/span><span class=\"link_icon\"><\/span>\n                        <\/a><a href=\"tel: 90 212 270 4057\"\n                        class=\"sc_icons_item_link\">\n                        <\/a><\/div><\/div><\/div><!-- \/.sc_icons -->\t\t<\/div>\n\t\t\t\t<\/div>\n\t\t\t\t<div class=\"elementor-element elementor-element-52c5252 sc_fly_static elementor-widget elementor-widget-spacer\" data-id=\"52c5252\" data-element_type=\"widget\" data-widget_type=\"spacer.default\">\n\t\t\t\t<div class=\"elementor-widget-container\">\n\t\t\t\t\t<div class=\"elementor-spacer\">\n\t\t\t<div class=\"elementor-spacer-inner\"><\/div>\n\t\t<\/div>\n\t\t\t\t<\/div>\n\t\t\t\t<\/div>\n\t\t\t\t<div class=\"elementor-element elementor-element-98dee8a sc_fly_static elementor-widget elementor-widget-trx_sc_socials\" data-id=\"98dee8a\" data-element_type=\"widget\" data-widget_type=\"trx_sc_socials.default\">\n\t\t\t\t<div class=\"elementor-widget-container\">\n\t\t\t<div  \n\t\tclass=\"sc_socials sc_socials_default sc_align_none\" ><div class=\"socials_wrap sc_item_content\"><a target=\"_blank\" href=\"https:\/\/www.linkedin.com\/company\/urclimate\" class=\"social_item social_item_style_icons sc_icon_type_icons social_item_type_icons\"><span class=\"social_icon social_icon_linkedin\" style=\"\"><span class=\"icon-linkedin\"><\/span><\/span><\/a><\/div><\/div>\t\t<\/div>\n\t\t\t\t<\/div>\n\t\t\t\t<div class=\"elementor-element elementor-element-3fbb13e sc_height_medium sc_layouts_hide_on_wide sc_layouts_hide_on_desktop sc_layouts_hide_on_notebook sc_layouts_hide_on_tablet sc_fly_static elementor-widget elementor-widget-spacer\" data-id=\"3fbb13e\" data-element_type=\"widget\" data-widget_type=\"spacer.default\">\n\t\t\t\t<div class=\"elementor-widget-container\">\n\t\t\t\t\t<div class=\"elementor-spacer\">\n\t\t\t<div class=\"elementor-spacer-inner\"><\/div>\n\t\t<\/div>\n\t\t\t\t<\/div>\n\t\t\t\t<\/div>\n\t\t\t\t\t<\/div>\n\t\t<\/div>\n\t\t\t\t<div class=\"elementor-column elementor-col-50 elementor-inner-column elementor-element elementor-element-f7a4a4a sc_inner_width_none sc_content_align_inherit sc_layouts_column_icons_position_left sc_fly_static\" data-id=\"f7a4a4a\" data-element_type=\"column\">\n\t\t\t<div class=\"elementor-widget-wrap\">\n\t\t\t\t\t\t\t\t\t<\/div>\n\t\t<\/div>\n\t\t\t\t\t\t\t<\/div>\n\t\t<\/section>\n\t\t\t\t\t<\/div>\n\t\t<\/div>\n\t\t\t\t\t\t\t<\/div>\n\t\t<\/section>\n\t\t\t\t<section class=\"elementor-section elementor-top-section elementor-element elementor-element-2d2b8d28 elementor-section-boxed elementor-section-height-default elementor-section-height-default sc_fly_static\" data-id=\"2d2b8d28\" data-element_type=\"section\">\n\t\t\t\t\t\t<div class=\"elementor-container elementor-column-gap-no\">\n\t\t\t\t\t<div class=\"elementor-column elementor-col-100 elementor-top-column elementor-element elementor-element-7db3bc4e sc_inner_width_none sc_content_align_inherit sc_layouts_column_icons_position_left sc_fly_static\" data-id=\"7db3bc4e\" data-element_type=\"column\">\n\t\t\t<div class=\"elementor-widget-wrap elementor-element-populated\">\n\t\t\t\t\t\t\t\t<div class=\"elementor-element elementor-element-37aee7a sc_height_large sc_fly_static elementor-widget elementor-widget-spacer\" data-id=\"37aee7a\" data-element_type=\"widget\" data-widget_type=\"spacer.default\">\n\t\t\t\t<div class=\"elementor-widget-container\">\n\t\t\t\t\t<div class=\"elementor-spacer\">\n\t\t\t<div class=\"elementor-spacer-inner\"><\/div>\n\t\t<\/div>\n\t\t\t\t<\/div>\n\t\t\t\t<\/div>\n\t\t\t\t<div class=\"elementor-element elementor-element-16761b9 sc_fly_static elementor-widget elementor-widget-trx_sc_googlemap\" data-id=\"16761b9\" data-element_type=\"widget\" data-widget_type=\"trx_sc_googlemap.default\">\n\t\t\t\t<div class=\"elementor-widget-container\">\n\t\t\t<div id=\"sc_googlemap_1405441466_wrap\" class=\"sc_googlemap_wrap\"><div id=\"sc_googlemap_1405441466\"\t\t\tclass=\"sc_item_content sc_map sc_googlemap sc_googlemap_default trx_addons_inline_1082038772\"\n\t\t\t \t\t\tdata-zoom=\"15\"\n\t\t\tdata-center=\"\"\n\t\t\tdata-style=\"extra\"\n\t\t\tdata-cluster-icon=\"\"\n\t\t\t><iframe\n\t\t\t\t\t\tsrc=\"https:\/\/maps.google.com\/maps?t=m&output=embed&iwloc=near&z=15&q=Re%C5%9Fit+Pa%C5%9Fa+Mah.+Katar+Cad.+ARI+4+Binas%C4%B1+No%3A+2+%2F+50+%2F+6+Sar%C4%B1yer+%E2%80%93+%C4%B0stanbul%2C+34485+SARIYER%2F%C4%B0stanbul\"\n\t\t\t\t\t\taria-label=\"One\"><\/iframe><\/div><\/div>\t\t<\/div>\n\t\t\t\t<\/div>\n\t\t\t\t<div class=\"elementor-element elementor-element-d9924b1 sc_height_large sc_fly_static elementor-widget elementor-widget-spacer\" data-id=\"d9924b1\" data-element_type=\"widget\" data-widget_type=\"spacer.default\">\n\t\t\t\t<div class=\"elementor-widget-container\">\n\t\t\t\t\t<div class=\"elementor-spacer\">\n\t\t\t<div class=\"elementor-spacer-inner\"><\/div>\n\t\t<\/div>\n\t\t\t\t<\/div>\n\t\t\t\t<\/div>\n\t\t\t\t\t<\/div>\n\t\t<\/div>\n\t\t\t\t\t\t\t<\/div>\n\t\t<\/section>\n\t\t\t\t\t\t\t<\/div>","protected":false},"excerpt":{"rendered":"<p>Contact Information Re\u015fit Pa\u015fa Mah. Katar Cad. ARI 4 Binas\u0131 No: 2 \/ 50 \/ 6 34485 SARIYER\/\u0130stanbul \u2013 \u0130T\u00dc TEKNOKENT info@urclimate.com +90 212 270 4057 I agree that my&hellip;<\/p>","protected":false},"author":1,"featured_media":0,"parent":0,"menu_order":0,"comment_status":"closed","ping_status":"closed","template":"","meta":{"footnotes":""},"class_list":["post-1453","page","type-page","status-publish","hentry"],"yoast_head":"<!-- This site is optimized with the Yoast SEO plugin v21.6 - https:\/\/yoast.com\/wordpress\/plugins\/seo\/ -->\n<title>Contact - Urclimate<\/title>\n<meta name=\"robots\" content=\"index, follow, max-snippet:-1, max-image-preview:large, max-video-preview:-1\" \/>\n<link rel=\"canonical\" href=\"https:\/\/urclimate.com\/tr\/contact\/\" \/>\n<meta property=\"og:locale\" content=\"tr_TR\" \/>\n<meta property=\"og:type\" content=\"article\" \/>\n<meta property=\"og:title\" content=\"Contact - Urclimate\" \/>\n<meta property=\"og:description\" content=\"Contact Information Re\u015fit Pa\u015fa Mah. Katar Cad. ARI 4 Binas\u0131 No: 2 \/ 50 \/ 6 34485 SARIYER\/\u0130stanbul \u2013 \u0130T\u00dc TEKNOKENT info@urclimate.com +90 212 270 4057 I agree that my&hellip;\" \/>\n<meta property=\"og:url\" content=\"https:\/\/urclimate.com\/tr\/contact\/\" \/>\n<meta property=\"og:site_name\" content=\"Urclimate\" \/>\n<meta property=\"article:modified_time\" content=\"2023-12-11T11:02:25+00:00\" \/>\n<meta name=\"twitter:card\" content=\"summary_large_image\" \/>\n<script type=\"application\/ld+json\" class=\"yoast-schema-graph\">{\"@context\":\"https:\/\/schema.org\",\"@graph\":[{\"@type\":\"WebPage\",\"@id\":\"https:\/\/urclimate.com\/tr\/contact\/\",\"url\":\"https:\/\/urclimate.com\/tr\/contact\/\",\"name\":\"Contact - Urclimate\",\"isPartOf\":{\"@id\":\"https:\/\/urclimate.com\/#website\"},\"datePublished\":\"2021-02-01T11:12:41+00:00\",\"dateModified\":\"2023-12-11T11:02:25+00:00\",\"breadcrumb\":{\"@id\":\"https:\/\/urclimate.com\/tr\/contact\/#breadcrumb\"},\"inLanguage\":\"tr\",\"potentialAction\":[{\"@type\":\"ReadAction\",\"target\":[\"https:\/\/urclimate.com\/tr\/contact\/\"]}]},{\"@type\":\"BreadcrumbList\",\"@id\":\"https:\/\/urclimate.com\/tr\/contact\/#breadcrumb\",\"itemListElement\":[{\"@type\":\"ListItem\",\"position\":1,\"name\":\"Home\",\"item\":\"https:\/\/urclimate.com\/\"},{\"@type\":\"ListItem\",\"position\":2,\"name\":\"Contact\"}]},{\"@type\":\"WebSite\",\"@id\":\"https:\/\/urclimate.com\/#website\",\"url\":\"https:\/\/urclimate.com\/\",\"name\":\"Urclimate\",\"description\":\"Physical Climate Risks\",\"publisher\":{\"@id\":\"https:\/\/urclimate.com\/#organization\"},\"potentialAction\":[{\"@type\":\"SearchAction\",\"target\":{\"@type\":\"EntryPoint\",\"urlTemplate\":\"https:\/\/urclimate.com\/?s={search_term_string}\"},\"query-input\":\"required name=search_term_string\"}],\"inLanguage\":\"tr\"},{\"@type\":\"Organization\",\"@id\":\"https:\/\/urclimate.com\/#organization\",\"name\":\"Urclimate\",\"url\":\"https:\/\/urclimate.com\/\",\"logo\":{\"@type\":\"ImageObject\",\"inLanguage\":\"tr\",\"@id\":\"https:\/\/urclimate.com\/#\/schema\/logo\/image\/\",\"url\":\"https:\/\/urclimate.com\/wp-content\/uploads\/2023\/12\/LOGO_UrClimate_4.png\",\"contentUrl\":\"https:\/\/urclimate.com\/wp-content\/uploads\/2023\/12\/LOGO_UrClimate_4.png\",\"width\":1216,\"height\":606,\"caption\":\"Urclimate\"},\"image\":{\"@id\":\"https:\/\/urclimate.com\/#\/schema\/logo\/image\/\"}}]}<\/script>\n<!-- \/ Yoast SEO plugin. -->","yoast_head_json":{"title":"Contact - Urclimate","robots":{"index":"index","follow":"follow","max-snippet":"max-snippet:-1","max-image-preview":"max-image-preview:large","max-video-preview":"max-video-preview:-1"},"canonical":"https:\/\/urclimate.com\/tr\/contact\/","og_locale":"tr_TR","og_type":"article","og_title":"Contact - Urclimate","og_description":"Contact Information Re\u015fit Pa\u015fa Mah. Katar Cad. ARI 4 Binas\u0131 No: 2 \/ 50 \/ 6 34485 SARIYER\/\u0130stanbul \u2013 \u0130T\u00dc TEKNOKENT info@urclimate.com +90 212 270 4057 I agree that my&hellip;","og_url":"https:\/\/urclimate.com\/tr\/contact\/","og_site_name":"Urclimate","article_modified_time":"2023-12-11T11:02:25+00:00","twitter_card":"summary_large_image","schema":{"@context":"https:\/\/schema.org","@graph":[{"@type":"WebPage","@id":"https:\/\/urclimate.com\/tr\/contact\/","url":"https:\/\/urclimate.com\/tr\/contact\/","name":"Contact - Urclimate","isPartOf":{"@id":"https:\/\/urclimate.com\/#website"},"datePublished":"2021-02-01T11:12:41+00:00","dateModified":"2023-12-11T11:02:25+00:00","breadcrumb":{"@id":"https:\/\/urclimate.com\/tr\/contact\/#breadcrumb"},"inLanguage":"tr","potentialAction":[{"@type":"ReadAction","target":["https:\/\/urclimate.com\/tr\/contact\/"]}]},{"@type":"BreadcrumbList","@id":"https:\/\/urclimate.com\/tr\/contact\/#breadcrumb","itemListElement":[{"@type":"ListItem","position":1,"name":"Home","item":"https:\/\/urclimate.com\/"},{"@type":"ListItem","position":2,"name":"Contact"}]},{"@type":"WebSite","@id":"https:\/\/urclimate.com\/#website","url":"https:\/\/urclimate.com\/","name":"Urclimate","description":"Physical Climate Risks","publisher":{"@id":"https:\/\/urclimate.com\/#organization"},"potentialAction":[{"@type":"SearchAction","target":{"@type":"EntryPoint","urlTemplate":"https:\/\/urclimate.com\/?s={search_term_string}"},"query-input":"required name=search_term_string"}],"inLanguage":"tr"},{"@type":"Organization","@id":"https:\/\/urclimate.com\/#organization","name":"Urclimate","url":"https:\/\/urclimate.com\/","logo":{"@type":"ImageObject","inLanguage":"tr","@id":"https:\/\/urclimate.com\/#\/schema\/logo\/image\/","url":"https:\/\/urclimate.com\/wp-content\/uploads\/2023\/12\/LOGO_UrClimate_4.png","contentUrl":"https:\/\/urclimate.com\/wp-content\/uploads\/2023\/12\/LOGO_UrClimate_4.png","width":1216,"height":606,"caption":"Urclimate"},"image":{"@id":"https:\/\/urclimate.com\/#\/schema\/logo\/image\/"}}]}},"_links":{"self":[{"href":"https:\/\/urclimate.com\/tr\/wp-json\/wp\/v2\/pages\/1453","targetHints":{"allow":["GET"]}}],"collection":[{"href":"https:\/\/urclimate.com\/tr\/wp-json\/wp\/v2\/pages"}],"about":[{"href":"https:\/\/urclimate.com\/tr\/wp-json\/wp\/v2\/types\/page"}],"author":[{"embeddable":true,"href":"https:\/\/urclimate.com\/tr\/wp-json\/wp\/v2\/users\/1"}],"replies":[{"embeddable":true,"href":"https:\/\/urclimate.com\/tr\/wp-json\/wp\/v2\/comments?post=1453"}],"version-history":[{"count":24,"href":"https:\/\/urclimate.com\/tr\/wp-json\/wp\/v2\/pages\/1453\/revisions"}],"predecessor-version":[{"id":37019,"href":"https:\/\/urclimate.com\/tr\/wp-json\/wp\/v2\/pages\/1453\/revisions\/37019"}],"wp:attachment":[{"href":"https:\/\/urclimate.com\/tr\/wp-json\/wp\/v2\/media?parent=1453"}],"curies":[{"name":"wp","href":"https:\/\/api.w.org\/{rel}","templated":true}]}}